{"id":1147,"date":"2018-11-14T16:41:50","date_gmt":"2018-11-14T14:41:50","guid":{"rendered":"http:\/\/animaatiokopla.fi\/wordpress\/?page_id=1147"},"modified":"2024-10-28T16:43:46","modified_gmt":"2024-10-28T14:43:46","slug":"tietosuojalauseke","status":"publish","type":"page","link":"https:\/\/animaatiokopla.fi\/en\/tietosuojalauseke\/","title":{"rendered":"Tietosuojalauseke"},"content":{"rendered":"<h1>Tietosuojalauseke<\/h1>\n<p>Osuuskunta Animaatiokopla noudattaa 25.5.2018 voimaan tullutta Euroopan<br \/>tietosuoja-asetusta asiakkaidensa henkil\u00f6tietojen ker\u00e4\u00e4misess\u00e4 ja k\u00e4sittelyss\u00e4.<\/p>\n<p>Rekisterinpit\u00e4j\u00e4:<br \/>Osuuskunta Animaatiokopla<br \/>H\u00e4meentie 13A<br \/>00530 HELSINKI<br \/>Y-tunnus: 1876502-8<br \/>Puh: 045 130 3026<br \/>S\u00e4hk\u00f6posti: info@animaatiokopla.fi &lt;mailto:info@animaatiokopla.fi&gt;<\/p>\n<p>Rekisterinpit\u00e4j\u00e4n\u00e4 Osuuskunta Animaatiokopla ker\u00e4\u00e4 asiakkaidensa suostumuksella vain<br \/>palveluiden turvallisesti toteuttamiseksi v\u00e4ltt\u00e4m\u00e4tt\u00f6mi\u00e4 ja yhteydenpidon<br \/>asiakkaiden kanssa mahdollistavia henkil\u00f6tietoja. N\u00e4ihin kuuluvat yleens\u00e4:<\/p>\n<p>\u2013Asiakkaan (yhteyshenkil\u00f6n) nimi<br \/>\u2013S\u00e4hk\u00f6postiosoite<br \/>\u2013Puhelinnumero<br \/>\u2013Laskutusosoite<br \/>\u2013Asiakkaan ilmoittamat asiakassuhteen hoitoon liittyv\u00e4t tiedot<br \/>\u2013Mahdollinen toimitusosoite<\/p>\n<p>Animaatiokoplan ty\u00f6ntekij\u00e4t yll\u00e4pit\u00e4v\u00e4t kukin itse henkil\u00f6kohtaisia<br \/>asiakaskontaktejaan s\u00e4hk\u00f6postisalaisuuden ja viestint\u00e4salaisuuden mukaisesti.<br \/>Keskitetty\u00e4 henkil\u00f6perusteista asiakasrekisteri\u00e4 ei ole. Laskutukseen tarvittavia<br \/>asiakastietoja hallinnoidaan Visma Fivaldi -taloushallintaj\u00e4rjestelm\u00e4ll\u00e4, jonka<br \/>yksityisyydensuojalausunnon voi lukea t\u00e4st\u00e4 linkist\u00e4:<br \/>https:\/\/www.visma.fi\/yksityisyydensuoja\/etusivu\/<br \/>&lt;https:\/\/www.visma.fi\/yksityisyydensuoja\/etusivu\/&gt;. Ei-aktiiviset asiakastiedot<br \/>poistetaan laskutustietokannasta kahden vuoden v\u00e4lein.<\/p>\n<p>Asiakkaan henkil\u00f6tietoja ei luovuteta ulkopuolisille ilman erillist\u00e4 suostumusta,<br \/>paitsi Suomen viranomaistoimien niin edellytt\u00e4ess\u00e4.<\/p>\n<p>Tietoja voidaan poistaa asiakkaan vaatimuksesta tai asiakassuhteen loppumisen vuoksi.<\/p>\n<p>Helsingiss\u00e4 14.11.2018.<\/p>\n<p>Pid\u00e4t\u00e4mme tarvittaessa oikeuden p\u00e4ivitt\u00e4\u00e4 lausekkeen sis\u00e4lt\u00f6\u00e4.<\/p>\n<p>\u00a0<\/p>\n\n\n<p id=\"matomo_opted_out_intro\" style=\"display:none;\">Opt-out complete; your visits to this website will not be recorded by the Web Analytics tool. Note that if you clear your cookies, delete the opt-out cookie, or if you change computers or Web browsers, you will need to perform the opt-out procedure again.<\/p><p id=\"matomo_opted_in_intro\" >You may choose to prevent this website from aggregating and analyzing the actions you take here. Doing so will protect your privacy, but will also prevent the owner from learning from your actions and creating a better experience for you and other users.<\/p><form action=\"\">\n        <input type=\"checkbox\" id=\"matomo_optout_checkbox\" checked=\"checked\"\/>\n        <label for=\"matomo_optout_checkbox\"><strong>\n        <span id=\"matomo_opted_in_label\" >You are not opted out. Uncheck this box to opt-out.<\/span>\n\t\t<span id=\"matomo_opted_out_label\" style=\"display:none;\">You are currently opted out. Check this box to opt-in.<\/span>\n        <\/strong><\/label><input type=\"hidden\" name=\"trp-form-language\" value=\"en\"\/><\/form><noscript><p><strong style=\"color: #ff0000;\">This opt out feature requires JavaScript.<\/strong><\/p><\/noscript><p id=\"matomo_outout_err_cookies\" style=\"display: none;\"><strong>The tracking opt-out feature requires cookies to be enabled.<\/strong><\/p>\n\n\n\n<p><\/p>","protected":false},"excerpt":{"rendered":"Tietosuojalauseke Osuuskunta Animaatiokopla noudattaa 25.5.2018 voimaan tullutta Euroopantietosuoja-asetusta asiakkaidensa henkil\u00f6tietojen ker\u00e4\u00e4misess\u00e4 ja k\u00e4sittelyss\u00e4. Rekisterinpit\u00e4j\u00e4:Osuuskunta AnimaatiokoplaH\u00e4meentie 13A00530 HELSINKIY-tunnus: 1876502-8Puh: 045 130 3026S\u00e4hk\u00f6posti: info@animaatiokopla.fi &lt;mailto:info@animaatiokopla.fi&gt;\n [&#8230;]\n<a class=\"moretag\" href=\"https:\/\/animaatiokopla.fi\/en\/tietosuojalauseke\/\"> [...]<\/a>","protected":false},"author":1,"featured_media":0,"parent":0,"menu_order":0,"comment_status":"closed","ping_status":"closed","template":"","meta":{"footnotes":""},"class_list":["post-1147","page","type-page","status-publish","hentry"],"yoast_head":"<!-- This site is optimized with the Yoast SEO plugin v27.2 - https:\/\/yoast.com\/product\/yoast-seo-wordpress\/ -->\n<title>Tietosuojalauseke - Animaatiokopla<\/title>\n<meta name=\"robots\" content=\"index, follow, max-snippet:-1, max-image-preview:large, max-video-preview:-1\" \/>\n<link rel=\"canonical\" href=\"https:\/\/animaatiokopla.fi\/en\/tietosuojalauseke\/\" \/>\n<meta property=\"og:locale\" content=\"en_US\" \/>\n<meta property=\"og:type\" content=\"article\" \/>\n<meta property=\"og:title\" content=\"Tietosuojalauseke - Animaatiokopla\" \/>\n<meta property=\"og:description\" content=\"Tietosuojalauseke Osuuskunta Animaatiokopla noudattaa 25.5.2018 voimaan tullutta Euroopantietosuoja-asetusta asiakkaidensa henkil\u00f6tietojen ker\u00e4\u00e4misess\u00e4 ja k\u00e4sittelyss\u00e4. Rekisterinpit\u00e4j\u00e4:Osuuskunta AnimaatiokoplaH\u00e4meentie 13A00530 HELSINKIY-tunnus: 1876502-8Puh: 045 130 3026S\u00e4hk\u00f6posti: info@animaatiokopla.fi &lt;mailto:info@animaatiokopla.fi&gt;\" \/>\n<meta property=\"og:url\" content=\"https:\/\/animaatiokopla.fi\/en\/tietosuojalauseke\/\" \/>\n<meta property=\"og:site_name\" content=\"Animaatiokopla\" \/>\n<meta property=\"article:publisher\" content=\"http:\/\/www.facebook.com\/animaatiokopla\/\" \/>\n<meta property=\"article:modified_time\" content=\"2024-10-28T14:43:46+00:00\" \/>\n<meta name=\"twitter:card\" content=\"summary_large_image\" \/>\n<meta name=\"twitter:label1\" content=\"Est. reading time\" \/>\n\t<meta name=\"twitter:data1\" content=\"1 minute\" \/>\n<script type=\"application\/ld+json\" class=\"yoast-schema-graph\">{\"@context\":\"https:\/\/schema.org\",\"@graph\":[{\"@type\":\"WebPage\",\"@id\":\"https:\/\/animaatiokopla.fi\/tietosuojalauseke\/\",\"url\":\"https:\/\/animaatiokopla.fi\/tietosuojalauseke\/\",\"name\":\"Tietosuojalauseke - Animaatiokopla\",\"isPartOf\":{\"@id\":\"https:\/\/animaatiokopla.fi\/#website\"},\"datePublished\":\"2018-11-14T14:41:50+00:00\",\"dateModified\":\"2024-10-28T14:43:46+00:00\",\"breadcrumb\":{\"@id\":\"https:\/\/animaatiokopla.fi\/tietosuojalauseke\/#breadcrumb\"},\"inLanguage\":\"en-US\",\"potentialAction\":[{\"@type\":\"ReadAction\",\"target\":[\"https:\/\/animaatiokopla.fi\/tietosuojalauseke\/\"]}]},{\"@type\":\"BreadcrumbList\",\"@id\":\"https:\/\/animaatiokopla.fi\/tietosuojalauseke\/#breadcrumb\",\"itemListElement\":[{\"@type\":\"ListItem\",\"position\":1,\"name\":\"Home\",\"item\":\"https:\/\/animaatiokopla.fi\/\"},{\"@type\":\"ListItem\",\"position\":2,\"name\":\"Tietosuojalauseke\"}]},{\"@type\":\"WebSite\",\"@id\":\"https:\/\/animaatiokopla.fi\/#website\",\"url\":\"https:\/\/animaatiokopla.fi\/\",\"name\":\"Animaatiokopla\",\"description\":\"Laatuanimaatiota jo vuodesta 2004\",\"publisher\":{\"@id\":\"https:\/\/animaatiokopla.fi\/#organization\"},\"potentialAction\":[{\"@type\":\"SearchAction\",\"target\":{\"@type\":\"EntryPoint\",\"urlTemplate\":\"https:\/\/animaatiokopla.fi\/?s={search_term_string}\"},\"query-input\":{\"@type\":\"PropertyValueSpecification\",\"valueRequired\":true,\"valueName\":\"search_term_string\"}}],\"inLanguage\":\"en-US\"},{\"@type\":\"Organization\",\"@id\":\"https:\/\/animaatiokopla.fi\/#organization\",\"name\":\"Animaatiokopla\",\"url\":\"https:\/\/animaatiokopla.fi\/\",\"logo\":{\"@type\":\"ImageObject\",\"inLanguage\":\"en-US\",\"@id\":\"https:\/\/animaatiokopla.fi\/#\/schema\/logo\/image\/\",\"url\":\"https:\/\/animaatiokopla.fi\/wp-content\/uploads\/2024\/05\/cropped-Animaatiokopla_logo_RGB_black.jpg\",\"contentUrl\":\"https:\/\/animaatiokopla.fi\/wp-content\/uploads\/2024\/05\/cropped-Animaatiokopla_logo_RGB_black.jpg\",\"width\":512,\"height\":512,\"caption\":\"Animaatiokopla\"},\"image\":{\"@id\":\"https:\/\/animaatiokopla.fi\/#\/schema\/logo\/image\/\"},\"sameAs\":[\"http:\/\/www.facebook.com\/animaatiokopla\/\",\"https:\/\/www.instagram.com\/animaatiokopla\/\",\"https:\/\/vimeo.com\/animaatiokopla\/\"]}]}<\/script>\n<!-- \/ Yoast SEO plugin. -->","yoast_head_json":{"title":"Tietosuojalauseke - Animaatiokopla","robots":{"index":"index","follow":"follow","max-snippet":"max-snippet:-1","max-image-preview":"max-image-preview:large","max-video-preview":"max-video-preview:-1"},"canonical":"https:\/\/animaatiokopla.fi\/en\/tietosuojalauseke\/","og_locale":"en_US","og_type":"article","og_title":"Tietosuojalauseke - Animaatiokopla","og_description":"Tietosuojalauseke Osuuskunta Animaatiokopla noudattaa 25.5.2018 voimaan tullutta Euroopantietosuoja-asetusta asiakkaidensa henkil\u00f6tietojen ker\u00e4\u00e4misess\u00e4 ja k\u00e4sittelyss\u00e4. Rekisterinpit\u00e4j\u00e4:Osuuskunta AnimaatiokoplaH\u00e4meentie 13A00530 HELSINKIY-tunnus: 1876502-8Puh: 045 130 3026S\u00e4hk\u00f6posti: info@animaatiokopla.fi &lt;mailto:info@animaatiokopla.fi&gt;","og_url":"https:\/\/animaatiokopla.fi\/en\/tietosuojalauseke\/","og_site_name":"Animaatiokopla","article_publisher":"http:\/\/www.facebook.com\/animaatiokopla\/","article_modified_time":"2024-10-28T14:43:46+00:00","twitter_card":"summary_large_image","twitter_misc":{"Est. reading time":"1 minute"},"schema":{"@context":"https:\/\/schema.org","@graph":[{"@type":"WebPage","@id":"https:\/\/animaatiokopla.fi\/tietosuojalauseke\/","url":"https:\/\/animaatiokopla.fi\/tietosuojalauseke\/","name":"Tietosuojalauseke - Animaatiokopla","isPartOf":{"@id":"https:\/\/animaatiokopla.fi\/#website"},"datePublished":"2018-11-14T14:41:50+00:00","dateModified":"2024-10-28T14:43:46+00:00","breadcrumb":{"@id":"https:\/\/animaatiokopla.fi\/tietosuojalauseke\/#breadcrumb"},"inLanguage":"en-US","potentialAction":[{"@type":"ReadAction","target":["https:\/\/animaatiokopla.fi\/tietosuojalauseke\/"]}]},{"@type":"BreadcrumbList","@id":"https:\/\/animaatiokopla.fi\/tietosuojalauseke\/#breadcrumb","itemListElement":[{"@type":"ListItem","position":1,"name":"Home","item":"https:\/\/animaatiokopla.fi\/"},{"@type":"ListItem","position":2,"name":"Tietosuojalauseke"}]},{"@type":"WebSite","@id":"https:\/\/animaatiokopla.fi\/#website","url":"https:\/\/animaatiokopla.fi\/","name":"Animaatiokopla","description":"Laatuanimaatiota jo vuodesta 2004","publisher":{"@id":"https:\/\/animaatiokopla.fi\/#organization"},"potentialAction":[{"@type":"SearchAction","target":{"@type":"EntryPoint","urlTemplate":"https:\/\/animaatiokopla.fi\/?s={search_term_string}"},"query-input":{"@type":"PropertyValueSpecification","valueRequired":true,"valueName":"search_term_string"}}],"inLanguage":"en-US"},{"@type":"Organization","@id":"https:\/\/animaatiokopla.fi\/#organization","name":"Animaatiokopla","url":"https:\/\/animaatiokopla.fi\/","logo":{"@type":"ImageObject","inLanguage":"en-US","@id":"https:\/\/animaatiokopla.fi\/#\/schema\/logo\/image\/","url":"https:\/\/animaatiokopla.fi\/wp-content\/uploads\/2024\/05\/cropped-Animaatiokopla_logo_RGB_black.jpg","contentUrl":"https:\/\/animaatiokopla.fi\/wp-content\/uploads\/2024\/05\/cropped-Animaatiokopla_logo_RGB_black.jpg","width":512,"height":512,"caption":"Animaatiokopla"},"image":{"@id":"https:\/\/animaatiokopla.fi\/#\/schema\/logo\/image\/"},"sameAs":["http:\/\/www.facebook.com\/animaatiokopla\/","https:\/\/www.instagram.com\/animaatiokopla\/","https:\/\/vimeo.com\/animaatiokopla\/"]}]}},"_links":{"self":[{"href":"https:\/\/animaatiokopla.fi\/en\/wp-json\/wp\/v2\/pages\/1147","targetHints":{"allow":["GET"]}}],"collection":[{"href":"https:\/\/animaatiokopla.fi\/en\/wp-json\/wp\/v2\/pages"}],"about":[{"href":"https:\/\/animaatiokopla.fi\/en\/wp-json\/wp\/v2\/types\/page"}],"author":[{"embeddable":true,"href":"https:\/\/animaatiokopla.fi\/en\/wp-json\/wp\/v2\/users\/1"}],"replies":[{"embeddable":true,"href":"https:\/\/animaatiokopla.fi\/en\/wp-json\/wp\/v2\/comments?post=1147"}],"version-history":[{"count":2,"href":"https:\/\/animaatiokopla.fi\/en\/wp-json\/wp\/v2\/pages\/1147\/revisions"}],"predecessor-version":[{"id":1779,"href":"https:\/\/animaatiokopla.fi\/en\/wp-json\/wp\/v2\/pages\/1147\/revisions\/1779"}],"wp:attachment":[{"href":"https:\/\/animaatiokopla.fi\/en\/wp-json\/wp\/v2\/media?parent=1147"}],"curies":[{"name":"wp","href":"https:\/\/api.w.org\/{rel}","templated":true}]}}