{"id":76,"date":"2015-11-15T16:17:46","date_gmt":"2015-11-15T14:17:46","guid":{"rendered":"http:\/\/www.undyinglands.org\/projects\/kopla\/?page_id=76"},"modified":"2024-05-08T16:29:19","modified_gmt":"2024-05-08T13:29:19","slug":"yhteystiedot","status":"publish","type":"page","link":"https:\/\/animaatiokopla.fi\/en\/yhteystiedot\/","title":{"rendered":"Contact information"},"content":{"rendered":"<h1 class=\"wp-block-heading\">Asiaa meille? Ota yhteytt\u00e4!<\/h1>\n\n\n<div class=\"wp-block-image\">\n<figure class=\"alignright\"><img loading=\"lazy\" decoding=\"async\" width=\"300\" height=\"200\" src=\"http:\/\/animaatiokopla.fi\/wp-content\/uploads\/2018\/05\/The-Plastic-Godzilla-of-the-Baltic-Sea-300x200.jpg\" alt=\"\" class=\"wp-image-1137\" srcset=\"https:\/\/animaatiokopla.fi\/wp-content\/uploads\/2018\/05\/The-Plastic-Godzilla-of-the-Baltic-Sea-300x200.jpg 300w, https:\/\/animaatiokopla.fi\/wp-content\/uploads\/2018\/05\/The-Plastic-Godzilla-of-the-Baltic-Sea-1024x683.jpg 1024w\" sizes=\"auto, (max-width: 300px) 100vw, 300px\" \/><\/figure>\n<\/div>\n\n\n<p>Animaatiokopla auttaa sinua mielell\u00e4\u00e4n kaikenlaisissa animaatioon liittyviss\u00e4 asioissa.<br>\u00c4l\u00e4 siis ep\u00e4r\u00f6i vaan ota rohkeasti meihin yhteytt\u00e4!<\/p>\n\n\n\n<p>Osuuskunta Animaatiokopla<br>H\u00e4meentie 13 A<br>00530 Helsinki<\/p>\n\n\n\n<p>Phone: +358 45 130 3026<br>Email: <a href=\"mailto:info@animaatiokopla.fi\">info@animaatiokopla.fi<\/a><\/p>\n\n\n\n<p>Members have personal email address in format firstname@animaatiokopla.fi<\/p>\n\n\n\n<p>Animaatiokopla is also at<\/p>\n\n\n\n<p><strong><a href=\"http:\/\/www.facebook.com\/animaatiokopla\/\"><img loading=\"lazy\" decoding=\"async\" class=\"alignnone  wp-image-1425\" src=\"http:\/\/animaatiokopla.fi\/wp-content\/uploads\/2022\/10\/logo-facebookpng-32202-300x300.png\" alt=\"\" width=\"30\" height=\"30\" srcset=\"https:\/\/animaatiokopla.fi\/wp-content\/uploads\/2022\/10\/logo-facebookpng-32202-300x300.png 300w, https:\/\/animaatiokopla.fi\/wp-content\/uploads\/2022\/10\/logo-facebookpng-32202-150x150.png 150w, https:\/\/animaatiokopla.fi\/wp-content\/uploads\/2022\/10\/logo-facebookpng-32202-12x12.png 12w, https:\/\/animaatiokopla.fi\/wp-content\/uploads\/2022\/10\/logo-facebookpng-32202.png 1000w\" sizes=\"auto, (max-width: 30px) 100vw, 30px\" \/> &nbsp;Facebook&nbsp; <\/a><\/strong><br><strong><a href=\"https:\/\/vimeo.com\/animaatiokopla\/\"><img loading=\"lazy\" decoding=\"async\" class=\"alignnone  wp-image-1426\" src=\"http:\/\/animaatiokopla.fi\/wp-content\/uploads\/2022\/10\/vimeo-png-logo-6033-300x300.png\" alt=\"\" width=\"30\" height=\"30\" srcset=\"https:\/\/animaatiokopla.fi\/wp-content\/uploads\/2022\/10\/vimeo-png-logo-6033-300x300.png 300w, https:\/\/animaatiokopla.fi\/wp-content\/uploads\/2022\/10\/vimeo-png-logo-6033-150x150.png 150w, https:\/\/animaatiokopla.fi\/wp-content\/uploads\/2022\/10\/vimeo-png-logo-6033-12x12.png 12w, https:\/\/animaatiokopla.fi\/wp-content\/uploads\/2022\/10\/vimeo-png-logo-6033.png 894w\" sizes=\"auto, (max-width: 30px) 100vw, 30px\" \/>&nbsp;&nbsp;Vimeo<\/a><\/strong><br><strong><a href=\"https:\/\/www.instagram.com\/animaatiokopla\/\"><img loading=\"lazy\" decoding=\"async\" class=\"alignnone  wp-image-1154\" src=\"http:\/\/animaatiokopla.fi\/wp-content\/uploads\/2018\/11\/instagram_logo-300x300.png\" alt=\"\" width=\"30\" height=\"30\" srcset=\"https:\/\/animaatiokopla.fi\/wp-content\/uploads\/2018\/11\/instagram_logo-300x300.png 300w, https:\/\/animaatiokopla.fi\/wp-content\/uploads\/2018\/11\/instagram_logo-150x150.png 150w, https:\/\/animaatiokopla.fi\/wp-content\/uploads\/2018\/11\/instagram_logo.png 398w\" sizes=\"auto, (max-width: 30px) 100vw, 30px\" \/>&nbsp;&nbsp;Instagram<\/a><\/strong><\/p>","protected":false},"excerpt":{"rendered":"Asiaa meille? Ota yhteytt\u00e4! Animaatiokopla auttaa sinua mielell\u00e4\u00e4n kaikenlaisissa animaatioon liittyviss\u00e4 asioissa.\u00c4l\u00e4 siis ep\u00e4r\u00f6i vaan ota rohkeasti meihin yhteytt\u00e4! Osuuskunta AnimaatiokoplaH\u00e4meentie 13 A00530\n [&#8230;]\n<a class=\"moretag\" href=\"https:\/\/animaatiokopla.fi\/en\/yhteystiedot\/\"> [...]<\/a>","protected":false},"author":1,"featured_media":0,"parent":0,"menu_order":0,"comment_status":"closed","ping_status":"closed","template":"","meta":{"footnotes":""},"class_list":["post-76","page","type-page","status-publish","hentry"],"yoast_head":"<!-- This site is optimized with the Yoast SEO plugin v27.2 - https:\/\/yoast.com\/product\/yoast-seo-wordpress\/ -->\n<title>Yhteystiedot - Animaatiokopla<\/title>\n<meta name=\"robots\" content=\"index, follow, max-snippet:-1, max-image-preview:large, max-video-preview:-1\" \/>\n<link rel=\"canonical\" href=\"https:\/\/animaatiokopla.fi\/en\/yhteystiedot\/\" \/>\n<meta property=\"og:locale\" content=\"en_US\" \/>\n<meta property=\"og:type\" content=\"article\" \/>\n<meta property=\"og:title\" content=\"Yhteystiedot - Animaatiokopla\" \/>\n<meta property=\"og:description\" content=\"Asiaa meille? Ota yhteytt\u00e4! Animaatiokopla auttaa sinua mielell\u00e4\u00e4n kaikenlaisissa animaatioon liittyviss\u00e4 asioissa.\u00c4l\u00e4 siis ep\u00e4r\u00f6i vaan ota rohkeasti meihin yhteytt\u00e4! Osuuskunta AnimaatiokoplaH\u00e4meentie 13 A00530\" \/>\n<meta property=\"og:url\" content=\"https:\/\/animaatiokopla.fi\/en\/yhteystiedot\/\" \/>\n<meta property=\"og:site_name\" content=\"Animaatiokopla\" \/>\n<meta property=\"article:publisher\" content=\"http:\/\/www.facebook.com\/animaatiokopla\/\" \/>\n<meta property=\"article:modified_time\" content=\"2024-05-08T13:29:19+00:00\" \/>\n<meta property=\"og:image\" content=\"http:\/\/animaatiokopla.fi\/wp-content\/uploads\/2018\/05\/The-Plastic-Godzilla-of-the-Baltic-Sea-300x200.jpg\" \/>\n<meta name=\"twitter:card\" content=\"summary_large_image\" \/>\n<script type=\"application\/ld+json\" class=\"yoast-schema-graph\">{\"@context\":\"https:\/\/schema.org\",\"@graph\":[{\"@type\":\"WebPage\",\"@id\":\"https:\/\/animaatiokopla.fi\/yhteystiedot\/\",\"url\":\"https:\/\/animaatiokopla.fi\/yhteystiedot\/\",\"name\":\"Yhteystiedot - Animaatiokopla\",\"isPartOf\":{\"@id\":\"https:\/\/animaatiokopla.fi\/#website\"},\"primaryImageOfPage\":{\"@id\":\"https:\/\/animaatiokopla.fi\/yhteystiedot\/#primaryimage\"},\"image\":{\"@id\":\"https:\/\/animaatiokopla.fi\/yhteystiedot\/#primaryimage\"},\"thumbnailUrl\":\"http:\/\/animaatiokopla.fi\/wp-content\/uploads\/2018\/05\/The-Plastic-Godzilla-of-the-Baltic-Sea-300x200.jpg\",\"datePublished\":\"2015-11-15T14:17:46+00:00\",\"dateModified\":\"2024-05-08T13:29:19+00:00\",\"breadcrumb\":{\"@id\":\"https:\/\/animaatiokopla.fi\/yhteystiedot\/#breadcrumb\"},\"inLanguage\":\"en-US\",\"potentialAction\":[{\"@type\":\"ReadAction\",\"target\":[\"https:\/\/animaatiokopla.fi\/yhteystiedot\/\"]}]},{\"@type\":\"ImageObject\",\"inLanguage\":\"en-US\",\"@id\":\"https:\/\/animaatiokopla.fi\/yhteystiedot\/#primaryimage\",\"url\":\"http:\/\/animaatiokopla.fi\/wp-content\/uploads\/2018\/05\/The-Plastic-Godzilla-of-the-Baltic-Sea-300x200.jpg\",\"contentUrl\":\"http:\/\/animaatiokopla.fi\/wp-content\/uploads\/2018\/05\/The-Plastic-Godzilla-of-the-Baltic-Sea-300x200.jpg\"},{\"@type\":\"BreadcrumbList\",\"@id\":\"https:\/\/animaatiokopla.fi\/yhteystiedot\/#breadcrumb\",\"itemListElement\":[{\"@type\":\"ListItem\",\"position\":1,\"name\":\"Home\",\"item\":\"https:\/\/animaatiokopla.fi\/\"},{\"@type\":\"ListItem\",\"position\":2,\"name\":\"Yhteystiedot\"}]},{\"@type\":\"WebSite\",\"@id\":\"https:\/\/animaatiokopla.fi\/#website\",\"url\":\"https:\/\/animaatiokopla.fi\/\",\"name\":\"Animaatiokopla\",\"description\":\"Laatuanimaatiota jo vuodesta 2004\",\"publisher\":{\"@id\":\"https:\/\/animaatiokopla.fi\/#organization\"},\"potentialAction\":[{\"@type\":\"SearchAction\",\"target\":{\"@type\":\"EntryPoint\",\"urlTemplate\":\"https:\/\/animaatiokopla.fi\/?s={search_term_string}\"},\"query-input\":{\"@type\":\"PropertyValueSpecification\",\"valueRequired\":true,\"valueName\":\"search_term_string\"}}],\"inLanguage\":\"en-US\"},{\"@type\":\"Organization\",\"@id\":\"https:\/\/animaatiokopla.fi\/#organization\",\"name\":\"Animaatiokopla\",\"url\":\"https:\/\/animaatiokopla.fi\/\",\"logo\":{\"@type\":\"ImageObject\",\"inLanguage\":\"en-US\",\"@id\":\"https:\/\/animaatiokopla.fi\/#\/schema\/logo\/image\/\",\"url\":\"https:\/\/animaatiokopla.fi\/wp-content\/uploads\/2024\/05\/cropped-Animaatiokopla_logo_RGB_black.jpg\",\"contentUrl\":\"https:\/\/animaatiokopla.fi\/wp-content\/uploads\/2024\/05\/cropped-Animaatiokopla_logo_RGB_black.jpg\",\"width\":512,\"height\":512,\"caption\":\"Animaatiokopla\"},\"image\":{\"@id\":\"https:\/\/animaatiokopla.fi\/#\/schema\/logo\/image\/\"},\"sameAs\":[\"http:\/\/www.facebook.com\/animaatiokopla\/\",\"https:\/\/www.instagram.com\/animaatiokopla\/\",\"https:\/\/vimeo.com\/animaatiokopla\/\"]}]}<\/script>\n<!-- \/ Yoast SEO plugin. -->","yoast_head_json":{"title":"Yhteystiedot - Animaatiokopla","robots":{"index":"index","follow":"follow","max-snippet":"max-snippet:-1","max-image-preview":"max-image-preview:large","max-video-preview":"max-video-preview:-1"},"canonical":"https:\/\/animaatiokopla.fi\/en\/yhteystiedot\/","og_locale":"en_US","og_type":"article","og_title":"Yhteystiedot - Animaatiokopla","og_description":"Asiaa meille? Ota yhteytt\u00e4! Animaatiokopla auttaa sinua mielell\u00e4\u00e4n kaikenlaisissa animaatioon liittyviss\u00e4 asioissa.\u00c4l\u00e4 siis ep\u00e4r\u00f6i vaan ota rohkeasti meihin yhteytt\u00e4! Osuuskunta AnimaatiokoplaH\u00e4meentie 13 A00530","og_url":"https:\/\/animaatiokopla.fi\/en\/yhteystiedot\/","og_site_name":"Animaatiokopla","article_publisher":"http:\/\/www.facebook.com\/animaatiokopla\/","article_modified_time":"2024-05-08T13:29:19+00:00","og_image":[{"url":"http:\/\/animaatiokopla.fi\/wp-content\/uploads\/2018\/05\/The-Plastic-Godzilla-of-the-Baltic-Sea-300x200.jpg","type":"","width":"","height":""}],"twitter_card":"summary_large_image","schema":{"@context":"https:\/\/schema.org","@graph":[{"@type":"WebPage","@id":"https:\/\/animaatiokopla.fi\/yhteystiedot\/","url":"https:\/\/animaatiokopla.fi\/yhteystiedot\/","name":"Yhteystiedot - Animaatiokopla","isPartOf":{"@id":"https:\/\/animaatiokopla.fi\/#website"},"primaryImageOfPage":{"@id":"https:\/\/animaatiokopla.fi\/yhteystiedot\/#primaryimage"},"image":{"@id":"https:\/\/animaatiokopla.fi\/yhteystiedot\/#primaryimage"},"thumbnailUrl":"http:\/\/animaatiokopla.fi\/wp-content\/uploads\/2018\/05\/The-Plastic-Godzilla-of-the-Baltic-Sea-300x200.jpg","datePublished":"2015-11-15T14:17:46+00:00","dateModified":"2024-05-08T13:29:19+00:00","breadcrumb":{"@id":"https:\/\/animaatiokopla.fi\/yhteystiedot\/#breadcrumb"},"inLanguage":"en-US","potentialAction":[{"@type":"ReadAction","target":["https:\/\/animaatiokopla.fi\/yhteystiedot\/"]}]},{"@type":"ImageObject","inLanguage":"en-US","@id":"https:\/\/animaatiokopla.fi\/yhteystiedot\/#primaryimage","url":"http:\/\/animaatiokopla.fi\/wp-content\/uploads\/2018\/05\/The-Plastic-Godzilla-of-the-Baltic-Sea-300x200.jpg","contentUrl":"http:\/\/animaatiokopla.fi\/wp-content\/uploads\/2018\/05\/The-Plastic-Godzilla-of-the-Baltic-Sea-300x200.jpg"},{"@type":"BreadcrumbList","@id":"https:\/\/animaatiokopla.fi\/yhteystiedot\/#breadcrumb","itemListElement":[{"@type":"ListItem","position":1,"name":"Home","item":"https:\/\/animaatiokopla.fi\/"},{"@type":"ListItem","position":2,"name":"Yhteystiedot"}]},{"@type":"WebSite","@id":"https:\/\/animaatiokopla.fi\/#website","url":"https:\/\/animaatiokopla.fi\/","name":"Animaatiokopla","description":"Laatuanimaatiota jo vuodesta 2004","publisher":{"@id":"https:\/\/animaatiokopla.fi\/#organization"},"potentialAction":[{"@type":"SearchAction","target":{"@type":"EntryPoint","urlTemplate":"https:\/\/animaatiokopla.fi\/?s={search_term_string}"},"query-input":{"@type":"PropertyValueSpecification","valueRequired":true,"valueName":"search_term_string"}}],"inLanguage":"en-US"},{"@type":"Organization","@id":"https:\/\/animaatiokopla.fi\/#organization","name":"Animaatiokopla","url":"https:\/\/animaatiokopla.fi\/","logo":{"@type":"ImageObject","inLanguage":"en-US","@id":"https:\/\/animaatiokopla.fi\/#\/schema\/logo\/image\/","url":"https:\/\/animaatiokopla.fi\/wp-content\/uploads\/2024\/05\/cropped-Animaatiokopla_logo_RGB_black.jpg","contentUrl":"https:\/\/animaatiokopla.fi\/wp-content\/uploads\/2024\/05\/cropped-Animaatiokopla_logo_RGB_black.jpg","width":512,"height":512,"caption":"Animaatiokopla"},"image":{"@id":"https:\/\/animaatiokopla.fi\/#\/schema\/logo\/image\/"},"sameAs":["http:\/\/www.facebook.com\/animaatiokopla\/","https:\/\/www.instagram.com\/animaatiokopla\/","https:\/\/vimeo.com\/animaatiokopla\/"]}]}},"_links":{"self":[{"href":"https:\/\/animaatiokopla.fi\/en\/wp-json\/wp\/v2\/pages\/76","targetHints":{"allow":["GET"]}}],"collection":[{"href":"https:\/\/animaatiokopla.fi\/en\/wp-json\/wp\/v2\/pages"}],"about":[{"href":"https:\/\/animaatiokopla.fi\/en\/wp-json\/wp\/v2\/types\/page"}],"author":[{"embeddable":true,"href":"https:\/\/animaatiokopla.fi\/en\/wp-json\/wp\/v2\/users\/1"}],"replies":[{"embeddable":true,"href":"https:\/\/animaatiokopla.fi\/en\/wp-json\/wp\/v2\/comments?post=76"}],"version-history":[{"count":21,"href":"https:\/\/animaatiokopla.fi\/en\/wp-json\/wp\/v2\/pages\/76\/revisions"}],"predecessor-version":[{"id":1797,"href":"https:\/\/animaatiokopla.fi\/en\/wp-json\/wp\/v2\/pages\/76\/revisions\/1797"}],"wp:attachment":[{"href":"https:\/\/animaatiokopla.fi\/en\/wp-json\/wp\/v2\/media?parent=76"}],"curies":[{"name":"wp","href":"https:\/\/api.w.org\/{rel}","templated":true}]}}